{"id":2864,"date":"2021-02-23T07:25:44","date_gmt":"2021-02-23T06:25:44","guid":{"rendered":"https:\/\/www.base-reals.com\/?page_id=2864\/"},"modified":"2024-05-28T14:20:44","modified_gmt":"2024-05-28T12:20:44","slug":"reals-canoe-kayak","status":"publish","type":"page","link":"https:\/\/www.base-reals.com\/en\/","title":{"rendered":"CANOE RENTAL, Orb Valley"},"content":{"rendered":"<p class='lead'>The entire R\u00e9als Cano\u00eb Kayak team is happy to welcome you to Cessenon sur Orb, in the H\u00e9rault department in Occitanie and at the gates of the Haut Languedoc Regional Natural Park.<\/p>\n<p class='lead'>Located on the edge of the Orb, for over 35 years we have been offering you the opportunity to immerse yourself in the heart of nature with our 4 routes to choose from and up to 5 departures per day. From 5 to 32 km, from 2 hours to 2 days, our canoe and kayak rentals will allow you to taste the joys of the river and share the experience with friends, family or tribe, for unforgettable memories&#8230; <\/p>\n<p class='lead'>You will explore the Orb Valley, by canoe or kayak, thanks to routes adapted <a href=\"https:\/\/www.base-reals.com\/en\/canoe-hire\/\">to all levels<\/a>:<\/p>\n<p class=\"blocparcours\"><a  class=\"parcours facile\" href=\"https:\/\/www.base-reals.com\/en\/canoe-hire\/the-descents\/the-discovery-5-km\/\">The Discovery\u00a0<\/a> <img loading=\"lazy\" decoding=\"async\" class=\"alignnone size-full wp-image-3984\" src=\"https:\/\/www.base-reals.com\/wp-content\/uploads\/2024\/03\/parcours-facile.png\" alt=\"Parcours facile de Cano\u00eb Kayak sur l'Orb\" width=\"18\" height=\"30\" \/>Easy <a href=\"https:\/\/www.base-reals.com\/wp-content\/uploads\/2024\/03\/picto-parcours.png\"><img loading=\"lazy\" decoding=\"async\" class=\"alignnone size-full wp-image-3980\" src=\"https:\/\/www.base-reals.com\/wp-content\/uploads\/2024\/03\/picto-parcours.png\" alt=\"Pictogramme pour le parcours cano\u00eb\" width=\"16\" height=\"14\" \/><\/a> 5km <a href=\"https:\/\/www.base-reals.com\/wp-content\/uploads\/2024\/03\/picto-temps-parcours.png\"><img loading=\"lazy\" decoding=\"async\" class=\"alignnone size-full wp-image-3982\" src=\"https:\/\/www.base-reals.com\/wp-content\/uploads\/2024\/03\/picto-temps-parcours.png\" alt=\"Pictogramme pour le temps de parcours\" width=\"12\" height=\"14\" \/><\/a> 2 hours<\/p>\n<p class=\"blocparcours\"><a class=\"parcours moyen\" href=\"https:\/\/www.base-reals.com\/en\/canoe-hire\/the-descents\/the-imperative-12-km\/\">The Imperative<\/a> <img loading=\"lazy\" decoding=\"async\" class=\"alignnone size-full wp-image-3989\" src=\"https:\/\/www.base-reals.com\/wp-content\/uploads\/2024\/03\/parcours-moyen.png\" alt=\"Parcours moyen de Cano\u00eb Kayak sur l'Orb\" width=\"18\" height=\"30\" \/> Average <a href=\"https:\/\/www.base-reals.com\/wp-content\/uploads\/2024\/03\/picto-parcours.png\"><img loading=\"lazy\" decoding=\"async\" class=\"alignnone size-full wp-image-3980\" src=\"https:\/\/www.base-reals.com\/wp-content\/uploads\/2024\/03\/picto-parcours.png\" alt=\"Pictogramme pour le parcours cano\u00eb\" width=\"16\" height=\"14\" \/><\/a> 12km <a href=\"https:\/\/www.base-reals.com\/wp-content\/uploads\/2024\/03\/picto-temps-parcours.png\"><img loading=\"lazy\" decoding=\"async\" class=\"alignnone size-full wp-image-3982\" src=\"https:\/\/www.base-reals.com\/wp-content\/uploads\/2024\/03\/picto-temps-parcours.png\" alt=\"Pictogramme pour le temps de parcours\" width=\"12\" height=\"14\" \/><\/a> 4 hours<\/p>\n<p class=\"blocparcours\"><a class=\"parcours sportif\" href=\"https:\/\/www.base-reals.com\/en\/canoe-hire\/the-descents\/the-escapade-17-km\/\">The Escapade<\/a> <img loading=\"lazy\" decoding=\"async\" class=\"alignnone size-full wp-image-3991\" src=\"https:\/\/www.base-reals.com\/wp-content\/uploads\/2024\/03\/parcours-sportif.png\" alt=\"Parcours sportif de Cano\u00eb Kayak sur l'Orb\" width=\"18\" height=\"30\" \/> Sporty <a href=\"https:\/\/www.base-reals.com\/wp-content\/uploads\/2024\/03\/picto-parcours.png\"><img loading=\"lazy\" decoding=\"async\" class=\"alignnone size-full wp-image-3980\" src=\"https:\/\/www.base-reals.com\/wp-content\/uploads\/2024\/03\/picto-parcours.png\" alt=\"Pictogramme pour le parcours cano\u00eb\" width=\"16\" height=\"14\" \/><\/a> 17km <a href=\"https:\/\/www.base-reals.com\/wp-content\/uploads\/2024\/03\/picto-temps-parcours.png\"><img loading=\"lazy\" decoding=\"async\" class=\"alignnone size-full wp-image-3982\" src=\"https:\/\/www.base-reals.com\/wp-content\/uploads\/2024\/03\/picto-temps-parcours.png\" alt=\"Pictogramme pour le temps de parcours\" width=\"12\" height=\"14\" \/><\/a> 6 hours<\/p>\n<p class=\"blocparcours\"><a class=\"parcours bivouac\" href=\"https:\/\/www.base-reals.com\/en\/canoe-hire\/the-descents\/the-integral-32-km\/\">The Adventurer<\/a>\u00a0 <img loading=\"lazy\" decoding=\"async\" class=\"alignnone size-full wp-image-3993\" src=\"https:\/\/www.base-reals.com\/wp-content\/uploads\/2024\/03\/parcours-bivouac.png\" alt=\"Parcours bivouac de Cano\u00eb Kayak sur l'Orb\" width=\"18\" height=\"30\" \/> Bivouac <a href=\"https:\/\/www.base-reals.com\/wp-content\/uploads\/2024\/03\/picto-parcours.png\"><img loading=\"lazy\" decoding=\"async\" class=\"alignnone size-full wp-image-3980\" src=\"https:\/\/www.base-reals.com\/wp-content\/uploads\/2024\/03\/picto-parcours.png\" alt=\"Pictogramme pour le parcours cano\u00eb\" width=\"16\" height=\"14\" \/><\/a> 32km <a href=\"https:\/\/www.base-reals.com\/wp-content\/uploads\/2024\/03\/picto-temps-parcours.png\"><img loading=\"lazy\" decoding=\"async\" class=\"alignnone size-full wp-image-3982\" src=\"https:\/\/www.base-reals.com\/wp-content\/uploads\/2024\/03\/picto-temps-parcours.png\" alt=\"Pictogramme pour le temps de parcours\" width=\"12\" height=\"14\" \/><\/a> 2 hours<\/p>\n<p class='lead'>Reserve your boat now and let yourself be guided by the advice of our team and our instructors.<br \/>\n<\/p>\n<p class='lead'>Easy to access, 3 km from the charming village of Cessenon sur Orb, 20 km from B\u00e9ziers and 30 km from the beaches, our base has a large car park at your disposal and all the amenities of an establishment labeled \u201cQuality Tourism Occitanie South of France\u201d and \u201cVignobles et D\u00e9couverte\u201d.<\/p>\n<div class=\"urow\">\n              \t<div class=\"uleft\">\n                <a href=\"https:\/\/dev.base-reals.com\/our-team\/\" title=\"Equipe Relas Cano\u00eb Kayak\"><img decoding=\"async\" src=\"https:\/\/www.base-reals.com\/wp-content\/uploads\/2024\/03\/Olivier-bachelot-base-canoe-reals.jpg\" alt=\"Olivier Bachelot\" class=\"u-border-no-bottom u-border-no-left u-border-no-right u-border-no-top u-image u-image-circle u-image-1\" data-image-width=\"300\" data-image-height=\"300\"><\/a>\n\t\t\t  \t<\/div>\n              \t<div class=\"uright\">\n                \t<div class=\"u-container-layout u-valign-middle u-container-layout-2\">\n                  \t<span class=\"u-icon u-icon-circle u-text-palette-3-light-2 u-icon-1\">\n                    <svg class=\"u-svg-link\" preserveAspectRatio=\"xMidYMin slice\" viewBox=\"0 0 95.333 95.332\"><use href=\"#svg-4ea0\"><\/use><\/svg>\n                    <svg xmlns=\"http:\/\/www.w3.org\/2000\/svg\" xlink=\"http:\/\/www.w3.org\/1999\/xlink\" version=\"1.1\" id=\"svg-4ea0\" x=\"0px\" y=\"0px\" viewBox=\"0 0 95.333 95.332\" style=\"enable-background:new 0 0 95.333 95.332;\" space=\"preserve\" class=\"u-svg-content\"><g><g><path d=\"M30.512,43.939c-2.348-0.676-4.696-1.019-6.98-1.019c-3.527,0-6.47,0.806-8.752,1.793    c2.2-8.054,7.485-21.951,18.013-23.516c0.975-0.145,1.774-0.85,2.04-1.799l2.301-8.23c0.194-0.696,0.079-1.441-0.318-2.045    s-1.035-1.007-1.75-1.105c-0.777-0.106-1.569-0.16-2.354-0.16c-12.637,0-25.152,13.19-30.433,32.076    c-3.1,11.08-4.009,27.738,3.627,38.223c4.273,5.867,10.507,9,18.529,9.313c0.033,0.001,0.065,0.002,0.098,0.002    c9.898,0,18.675-6.666,21.345-16.209c1.595-5.705,0.874-11.688-2.032-16.851C40.971,49.307,36.236,45.586,30.512,43.939z\"><\/path><path d=\"M92.471,54.413c-2.875-5.106-7.61-8.827-13.334-10.474c-2.348-0.676-4.696-1.019-6.979-1.019    c-3.527,0-6.471,0.806-8.753,1.793c2.2-8.054,7.485-21.951,18.014-23.516c0.975-0.145,1.773-0.85,2.04-1.799l2.301-8.23    c0.194-0.696,0.079-1.441-0.318-2.045c-0.396-0.604-1.034-1.007-1.75-1.105c-0.776-0.106-1.568-0.16-2.354-0.16    c-12.637,0-25.152,13.19-30.434,32.076c-3.099,11.08-4.008,27.738,3.629,38.225c4.272,5.866,10.507,9,18.528,9.312    c0.033,0.001,0.065,0.002,0.099,0.002c9.897,0,18.675-6.666,21.345-16.209C96.098,65.559,95.376,59.575,92.471,54.413z\"><\/path>\n<\/g>\n<\/g><g><\/g><g><\/g><g><\/g><g><\/g><g><\/g><g><\/g><g><\/g><g><\/g><g><\/g><g><\/g><g><\/g><g><\/g><g><\/g><g><\/g><g><\/g><\/svg>\n                  <\/span>\n                  <p class=\"u-text u-text-1\">An adventure to experience and share with family or friends for unforgettable memories.<br>Olivier Bachelot<\/p>\n                \t<\/div>\n              \t<\/div>\n            <\/div>\n","protected":false},"excerpt":{"rendered":"<p>The Discovery\u00a0 Easy 5km 2 hours The Imperative Average 12km 4 hours The Escapade Sporty 17km 6 hours The Adventurer\u00a0 Bivouac 32km 2 hours<\/p>\n","protected":false},"author":1,"featured_media":2785,"parent":0,"menu_order":1,"comment_status":"open","ping_status":"open","template":"page-pagebuilder.php","meta":{"footnotes":""},"class_list":["post-2864","page","type-page","status-publish","has-post-thumbnail","hentry"],"yoast_head":"<!-- This site is optimized with the Yoast SEO plugin v26.9 - https:\/\/yoast.com\/product\/yoast-seo-wordpress\/ -->\n<title>R\u00e9als Cano\u00eb Kayak - Canoe rental in the Orb Valley<\/title>\n<meta name=\"description\" content=\"Discover the Orb valley by sailing in a canoe and kayak, a complete change of scenery and good humor guaranteed. accessible from 8 years old.\" \/>\n<meta name=\"robots\" content=\"index, follow, max-snippet:-1, max-image-preview:large, max-video-preview:-1\" \/>\n<link rel=\"canonical\" href=\"https:\/\/www.base-reals.com\/en\/\" \/>\n<meta property=\"og:locale\" content=\"en_US\" \/>\n<meta property=\"og:type\" content=\"article\" \/>\n<meta property=\"og:title\" content=\"R\u00e9als Cano\u00eb Kayak - Location de Cano\u00eb sur la Vall\u00e9e de l\u2019Orb\" \/>\n<meta property=\"og:description\" content=\"D\u00e9couvrez la vall\u00e9e de l&#039;Orb en navigant en cano\u00eb kayak, d\u00e9paysement total assur\u00e9 et bonne humeur garantie. accessible \u00e0 partir de 8 ans.\" \/>\n<meta property=\"og:url\" content=\"https:\/\/www.base-reals.com\/en\/\" \/>\n<meta property=\"og:site_name\" content=\"R\u00e9als Cano\u00eb Kayak\" \/>\n<meta property=\"article:publisher\" content=\"https:\/\/www.facebook.com\/RealsCanoeKayak\/\" \/>\n<meta property=\"article:modified_time\" content=\"2024-05-28T12:20:44+00:00\" \/>\n<meta property=\"og:image\" content=\"https:\/\/www.base-reals.com\/wp-content\/uploads\/2017\/04\/Kayak-descente-orb-r.jpg\" \/>\n\t<meta property=\"og:image:width\" content=\"1024\" \/>\n\t<meta property=\"og:image:height\" content=\"683\" \/>\n\t<meta property=\"og:image:type\" content=\"image\/jpeg\" \/>\n<meta name=\"twitter:card\" content=\"summary_large_image\" \/>\n<meta name=\"twitter:title\" content=\"R\u00e9als Cano\u00eb Kayak - Location de Cano\u00eb sur la Vall\u00e9e de l\u2019Orb\" \/>\n<meta name=\"twitter:description\" content=\"D\u00e9couvrez la vall\u00e9e de l&#039;Orb en navigant en cano\u00eb kayak, d\u00e9paysement total assur\u00e9 et bonne humeur garantie. accessible \u00e0 partir de 8 ans.\" \/>\n<meta name=\"twitter:image\" content=\"https:\/\/www.base-reals.com\/wp-content\/uploads\/2017\/04\/Kayak-descente-orb-r.jpg\" \/>\n<meta name=\"twitter:site\" content=\"@RealsCanoeKayak\" \/>\n<meta name=\"twitter:label1\" content=\"Est. reading time\" \/>\n\t<meta name=\"twitter:data1\" content=\"4 minutes\" \/>\n<script type=\"application\/ld+json\" class=\"yoast-schema-graph\">{\"@context\":\"https:\/\/schema.org\",\"@graph\":[{\"@type\":\"WebPage\",\"@id\":\"https:\/\/www.base-reals.com\/en\/\",\"url\":\"https:\/\/www.base-reals.com\/en\/\",\"name\":\"R\u00e9als Cano\u00eb Kayak - Canoe rental in the Orb Valley\",\"isPartOf\":{\"@id\":\"https:\/\/www.base-reals.com\/#website\"},\"primaryImageOfPage\":{\"@id\":\"https:\/\/www.base-reals.com\/en\/#primaryimage\"},\"image\":{\"@id\":\"https:\/\/www.base-reals.com\/en\/#primaryimage\"},\"thumbnailUrl\":\"https:\/\/www.base-reals.com\/wp-content\/uploads\/2014\/10\/equipe-2015-e1492127793717.jpg\",\"datePublished\":\"2021-02-23T06:25:44+00:00\",\"dateModified\":\"2024-05-28T12:20:44+00:00\",\"description\":\"Discover the Orb valley by sailing in a canoe and kayak, a complete change of scenery and good humor guaranteed. accessible from 8 years old.\",\"breadcrumb\":{\"@id\":\"https:\/\/www.base-reals.com\/en\/#breadcrumb\"},\"inLanguage\":\"en-US\",\"potentialAction\":[{\"@type\":\"ReadAction\",\"target\":[\"https:\/\/www.base-reals.com\/en\/\"]}]},{\"@type\":\"ImageObject\",\"inLanguage\":\"en-US\",\"@id\":\"https:\/\/www.base-reals.com\/en\/#primaryimage\",\"url\":\"https:\/\/www.base-reals.com\/wp-content\/uploads\/2014\/10\/equipe-2015-e1492127793717.jpg\",\"contentUrl\":\"https:\/\/www.base-reals.com\/wp-content\/uploads\/2014\/10\/equipe-2015-e1492127793717.jpg\",\"width\":1024,\"height\":683},{\"@type\":\"BreadcrumbList\",\"@id\":\"https:\/\/www.base-reals.com\/en\/#breadcrumb\",\"itemListElement\":[{\"@type\":\"ListItem\",\"position\":1,\"name\":\"Accueil\",\"item\":\"https:\/\/www.base-reals.com\/en\/\"},{\"@type\":\"ListItem\",\"position\":2,\"name\":\"CANOE RENTAL, Orb Valley\"}]},{\"@type\":\"WebSite\",\"@id\":\"https:\/\/www.base-reals.com\/#website\",\"url\":\"https:\/\/www.base-reals.com\/\",\"name\":\"R\u00e9als Cano\u00eb Kayak\",\"description\":\"Location de cano\u00eb dans la vall\u00e9e de l&#039;Orb, Cessenon sur Orb.\",\"publisher\":{\"@id\":\"https:\/\/www.base-reals.com\/#organization\"},\"potentialAction\":[{\"@type\":\"SearchAction\",\"target\":{\"@type\":\"EntryPoint\",\"urlTemplate\":\"https:\/\/www.base-reals.com\/?s={search_term_string}\"},\"query-input\":{\"@type\":\"PropertyValueSpecification\",\"valueRequired\":true,\"valueName\":\"search_term_string\"}}],\"inLanguage\":\"en-US\"},{\"@type\":\"Organization\",\"@id\":\"https:\/\/www.base-reals.com\/#organization\",\"name\":\"R\u00e9als Cano\u00eb Kayak\",\"url\":\"https:\/\/www.base-reals.com\/\",\"logo\":{\"@type\":\"ImageObject\",\"inLanguage\":\"en-US\",\"@id\":\"https:\/\/www.base-reals.com\/#\/schema\/logo\/image\/\",\"url\":\"https:\/\/www.base-reals.com\/wp-content\/uploads\/2017\/04\/canoe-reals-logo.png\",\"contentUrl\":\"https:\/\/www.base-reals.com\/wp-content\/uploads\/2017\/04\/canoe-reals-logo.png\",\"width\":519,\"height\":448,\"caption\":\"R\u00e9als Cano\u00eb Kayak\"},\"image\":{\"@id\":\"https:\/\/www.base-reals.com\/#\/schema\/logo\/image\/\"},\"sameAs\":[\"https:\/\/www.facebook.com\/RealsCanoeKayak\/\",\"https:\/\/x.com\/RealsCanoeKayak\",\"https:\/\/fr.pinterest.com\/realscanoekayak\/\",\"https:\/\/www.youtube.com\/user\/realscanoekayak\"]}]}<\/script>\n<!-- \/ Yoast SEO plugin. -->","yoast_head_json":{"title":"R\u00e9als Cano\u00eb Kayak - Canoe rental in the Orb Valley","description":"Discover the Orb valley by sailing in a canoe and kayak, a complete change of scenery and good humor guaranteed. accessible from 8 years old.","robots":{"index":"index","follow":"follow","max-snippet":"max-snippet:-1","max-image-preview":"max-image-preview:large","max-video-preview":"max-video-preview:-1"},"canonical":"https:\/\/www.base-reals.com\/en\/","og_locale":"en_US","og_type":"article","og_title":"R\u00e9als Cano\u00eb Kayak - Location de Cano\u00eb sur la Vall\u00e9e de l\u2019Orb","og_description":"D\u00e9couvrez la vall\u00e9e de l'Orb en navigant en cano\u00eb kayak, d\u00e9paysement total assur\u00e9 et bonne humeur garantie. accessible \u00e0 partir de 8 ans.","og_url":"https:\/\/www.base-reals.com\/en\/","og_site_name":"R\u00e9als Cano\u00eb Kayak","article_publisher":"https:\/\/www.facebook.com\/RealsCanoeKayak\/","article_modified_time":"2024-05-28T12:20:44+00:00","og_image":[{"width":1024,"height":683,"url":"https:\/\/www.base-reals.com\/wp-content\/uploads\/2017\/04\/Kayak-descente-orb-r.jpg","type":"image\/jpeg"}],"twitter_card":"summary_large_image","twitter_title":"R\u00e9als Cano\u00eb Kayak - Location de Cano\u00eb sur la Vall\u00e9e de l\u2019Orb","twitter_description":"D\u00e9couvrez la vall\u00e9e de l'Orb en navigant en cano\u00eb kayak, d\u00e9paysement total assur\u00e9 et bonne humeur garantie. accessible \u00e0 partir de 8 ans.","twitter_image":"https:\/\/www.base-reals.com\/wp-content\/uploads\/2017\/04\/Kayak-descente-orb-r.jpg","twitter_site":"@RealsCanoeKayak","twitter_misc":{"Est. reading time":"4 minutes"},"schema":{"@context":"https:\/\/schema.org","@graph":[{"@type":"WebPage","@id":"https:\/\/www.base-reals.com\/en\/","url":"https:\/\/www.base-reals.com\/en\/","name":"R\u00e9als Cano\u00eb Kayak - Canoe rental in the Orb Valley","isPartOf":{"@id":"https:\/\/www.base-reals.com\/#website"},"primaryImageOfPage":{"@id":"https:\/\/www.base-reals.com\/en\/#primaryimage"},"image":{"@id":"https:\/\/www.base-reals.com\/en\/#primaryimage"},"thumbnailUrl":"https:\/\/www.base-reals.com\/wp-content\/uploads\/2014\/10\/equipe-2015-e1492127793717.jpg","datePublished":"2021-02-23T06:25:44+00:00","dateModified":"2024-05-28T12:20:44+00:00","description":"Discover the Orb valley by sailing in a canoe and kayak, a complete change of scenery and good humor guaranteed. accessible from 8 years old.","breadcrumb":{"@id":"https:\/\/www.base-reals.com\/en\/#breadcrumb"},"inLanguage":"en-US","potentialAction":[{"@type":"ReadAction","target":["https:\/\/www.base-reals.com\/en\/"]}]},{"@type":"ImageObject","inLanguage":"en-US","@id":"https:\/\/www.base-reals.com\/en\/#primaryimage","url":"https:\/\/www.base-reals.com\/wp-content\/uploads\/2014\/10\/equipe-2015-e1492127793717.jpg","contentUrl":"https:\/\/www.base-reals.com\/wp-content\/uploads\/2014\/10\/equipe-2015-e1492127793717.jpg","width":1024,"height":683},{"@type":"BreadcrumbList","@id":"https:\/\/www.base-reals.com\/en\/#breadcrumb","itemListElement":[{"@type":"ListItem","position":1,"name":"Accueil","item":"https:\/\/www.base-reals.com\/en\/"},{"@type":"ListItem","position":2,"name":"CANOE RENTAL, Orb Valley"}]},{"@type":"WebSite","@id":"https:\/\/www.base-reals.com\/#website","url":"https:\/\/www.base-reals.com\/","name":"R\u00e9als Cano\u00eb Kayak","description":"Location de cano\u00eb dans la vall\u00e9e de l&#039;Orb, Cessenon sur Orb.","publisher":{"@id":"https:\/\/www.base-reals.com\/#organization"},"potentialAction":[{"@type":"SearchAction","target":{"@type":"EntryPoint","urlTemplate":"https:\/\/www.base-reals.com\/?s={search_term_string}"},"query-input":{"@type":"PropertyValueSpecification","valueRequired":true,"valueName":"search_term_string"}}],"inLanguage":"en-US"},{"@type":"Organization","@id":"https:\/\/www.base-reals.com\/#organization","name":"R\u00e9als Cano\u00eb Kayak","url":"https:\/\/www.base-reals.com\/","logo":{"@type":"ImageObject","inLanguage":"en-US","@id":"https:\/\/www.base-reals.com\/#\/schema\/logo\/image\/","url":"https:\/\/www.base-reals.com\/wp-content\/uploads\/2017\/04\/canoe-reals-logo.png","contentUrl":"https:\/\/www.base-reals.com\/wp-content\/uploads\/2017\/04\/canoe-reals-logo.png","width":519,"height":448,"caption":"R\u00e9als Cano\u00eb Kayak"},"image":{"@id":"https:\/\/www.base-reals.com\/#\/schema\/logo\/image\/"},"sameAs":["https:\/\/www.facebook.com\/RealsCanoeKayak\/","https:\/\/x.com\/RealsCanoeKayak","https:\/\/fr.pinterest.com\/realscanoekayak\/","https:\/\/www.youtube.com\/user\/realscanoekayak"]}]}},"_links":{"self":[{"href":"https:\/\/www.base-reals.com\/en\/wp-json\/wp\/v2\/pages\/2864","targetHints":{"allow":["GET"]}}],"collection":[{"href":"https:\/\/www.base-reals.com\/en\/wp-json\/wp\/v2\/pages"}],"about":[{"href":"https:\/\/www.base-reals.com\/en\/wp-json\/wp\/v2\/types\/page"}],"author":[{"embeddable":true,"href":"https:\/\/www.base-reals.com\/en\/wp-json\/wp\/v2\/users\/1"}],"replies":[{"embeddable":true,"href":"https:\/\/www.base-reals.com\/en\/wp-json\/wp\/v2\/comments?post=2864"}],"version-history":[{"count":4,"href":"https:\/\/www.base-reals.com\/en\/wp-json\/wp\/v2\/pages\/2864\/revisions"}],"predecessor-version":[{"id":4250,"href":"https:\/\/www.base-reals.com\/en\/wp-json\/wp\/v2\/pages\/2864\/revisions\/4250"}],"wp:featuredmedia":[{"embeddable":true,"href":"https:\/\/www.base-reals.com\/en\/wp-json\/wp\/v2\/media\/2785"}],"wp:attachment":[{"href":"https:\/\/www.base-reals.com\/en\/wp-json\/wp\/v2\/media?parent=2864"}],"curies":[{"name":"wp","href":"https:\/\/api.w.org\/{rel}","templated":true}]}}