{"id":2873,"date":"2017-05-01T23:57:38","date_gmt":"2017-05-01T21:57:38","guid":{"rendered":"https:\/\/www.base-reals.com\/?page_id=2873\/"},"modified":"2019-05-14T22:50:25","modified_gmt":"2019-05-14T20:50:25","slug":"canoe-hire","status":"publish","type":"page","link":"https:\/\/www.base-reals.com\/en\/canoe-hire\/","title":{"rendered":"Canoe hire"},"content":{"rendered":"<blockquote class='full'><span class=\"quote\">A tiny stream of water at its source, the great river Orb follows its sinuous route to the Mediterranean sea; changing its allure, its depth and its banks. From steep gorges, to a meander across the plains to the coast, the flora and fauna of the banks of the Orb is nothing less than an array of majestic differences; a chain of mysterious contrasts. Numerous rare, and sometimes exceptional, plants can be seen and their perfume joyously inhaled. Among vineyards and countryside, between rapids and calm waters, you can have a recreational activity which is enjoyable and filled with unforgettable emotions. <br \/>\nWhat a great invitation to discover the Orb in a canoe or a kayak!<\/span><\/blockquote>\n<h3>Every day from April to September a complete service for individuals<\/h3>\n<div class='clearfix'>\n<div class='half'>\n<ul style=\"list-style-type: disc;\">\n<li><strong>Hire of two-seater canoe or one-man kayak with paddle, life-jacket and watertight flasks<\/strong><\/li>\n<li><strong>Free technical and safety advice for descents given by <a href=\"https:\/\/www.base-reals.com\/en\/the-team\/\">instructors <\/a>who are members of the French Federation of Canoe-Kayak<\/strong><\/li>\n<\/ul>\n<\/div>\n<div class='half last'>\n<ul style=\"list-style-type: disc;\">\n<li><strong>Free parking for your cars at the centre<\/strong><\/li>\n<li><strong>Free shuttle service to the different departure points : 4 departures daily<\/strong><\/li>\n<li><strong>Refreshment cafe at the centre<\/strong><\/li>\n<\/ul>\n<\/div>\n<\/div>\n<ul class='toggle'>\n<li><a href='#' class='toggle-btn active'>Public<\/a><div class='toggle-content active'>Open to everyone: from 8 years old for the 5km course and 10 years old for all other courses <\/div><\/li>\n<li><a href='#' class='toggle-btn'>Important !<\/a><div class='toggle-content'>\n<p>&#8211; You must be able to <strong>swim 25 metres<\/strong>, know how to dive and swim underwater<br \/>\n&#8211; Please make sure you have suitable foot-ware to go in the water, swim costume, tee-shirt, cord to secure spectacles, sun-screen protection and \u00a0remember to bring food and drink!<\/p>\n<p>We will supply you with two-seater canoes (or 3 places with a child on the 5km course) or mono-seat kayaks, life-jacket, paddle and water-tight flasks<br \/>\n<\/div><\/li>\n<li><a href='#' class='toggle-btn'>Map<\/a><div class='toggle-content'>\nDownload the map of the various courses :\u00a0<a href=\"https:\/\/www.base-reals.com\/wp-content\/uploads\/2017\/04\/carte-canoe-kayak-Orb.pdf\" target=\"_blank\" rel=\"noopener noreferrer\">Map<\/a><br \/>\n<\/div><\/li>\n<\/ul>\n[juiz_sps buttons=&#8221;facebook, twitter&#8221;]\n","protected":false},"excerpt":{"rendered":"<p>Every day from April to September a complete service for individuals [juiz_sps buttons=&#8221;facebook, twitter&#8221;]<\/p>\n","protected":false},"author":1,"featured_media":2775,"parent":0,"menu_order":4,"comment_status":"closed","ping_status":"closed","template":"page-pagebuilder.php","meta":{"footnotes":""},"class_list":["post-2873","page","type-page","status-publish","has-post-thumbnail","hentry"],"yoast_head":"<!-- This site is optimized with the Yoast SEO plugin v26.9 - https:\/\/yoast.com\/product\/yoast-seo-wordpress\/ -->\n<title>Canoe hire - R\u00e9als Cano\u00eb Kayak<\/title>\n<meta name=\"description\" content=\"Every day from April to September a complete service for individuals\" \/>\n<meta name=\"robots\" content=\"index, follow, max-snippet:-1, max-image-preview:large, max-video-preview:-1\" \/>\n<link rel=\"canonical\" href=\"https:\/\/www.base-reals.com\/en\/canoe-hire\/\" \/>\n<meta property=\"og:locale\" content=\"en_US\" \/>\n<meta property=\"og:type\" content=\"article\" \/>\n<meta property=\"og:title\" content=\"Canoe hire - R\u00e9als Cano\u00eb Kayak\" \/>\n<meta property=\"og:description\" content=\"Every day from April to September a complete service for individuals\" \/>\n<meta property=\"og:url\" content=\"https:\/\/www.base-reals.com\/en\/canoe-hire\/\" \/>\n<meta property=\"og:site_name\" content=\"R\u00e9als Cano\u00eb Kayak\" \/>\n<meta property=\"article:publisher\" content=\"https:\/\/www.facebook.com\/RealsCanoeKayak\/\" \/>\n<meta property=\"article:modified_time\" content=\"2019-05-14T20:50:25+00:00\" \/>\n<meta property=\"og:image\" content=\"https:\/\/www.base-reals.com\/wp-content\/uploads\/2017\/04\/Reals-canoe-kayak.jpg\" \/>\n\t<meta property=\"og:image:width\" content=\"1920\" \/>\n\t<meta property=\"og:image:height\" content=\"660\" \/>\n\t<meta property=\"og:image:type\" content=\"image\/jpeg\" \/>\n<meta name=\"twitter:card\" content=\"summary_large_image\" \/>\n<meta name=\"twitter:site\" content=\"@RealsCanoeKayak\" \/>\n<meta name=\"twitter:label1\" content=\"Est. reading time\" \/>\n\t<meta name=\"twitter:data1\" content=\"2 minutes\" \/>\n<script type=\"application\/ld+json\" class=\"yoast-schema-graph\">{\"@context\":\"https:\/\/schema.org\",\"@graph\":[{\"@type\":\"WebPage\",\"@id\":\"https:\/\/www.base-reals.com\/en\/canoe-hire\/\",\"url\":\"https:\/\/www.base-reals.com\/en\/canoe-hire\/\",\"name\":\"Canoe hire - R\u00e9als Cano\u00eb Kayak\",\"isPartOf\":{\"@id\":\"https:\/\/www.base-reals.com\/#website\"},\"primaryImageOfPage\":{\"@id\":\"https:\/\/www.base-reals.com\/en\/canoe-hire\/#primaryimage\"},\"image\":{\"@id\":\"https:\/\/www.base-reals.com\/en\/canoe-hire\/#primaryimage\"},\"thumbnailUrl\":\"https:\/\/www.base-reals.com\/wp-content\/uploads\/2017\/04\/Reals-canoe-kayak.jpg\",\"datePublished\":\"2017-05-01T21:57:38+00:00\",\"dateModified\":\"2019-05-14T20:50:25+00:00\",\"description\":\"Every day from April to September a complete service for individuals\",\"breadcrumb\":{\"@id\":\"https:\/\/www.base-reals.com\/en\/canoe-hire\/#breadcrumb\"},\"inLanguage\":\"en-US\",\"potentialAction\":[{\"@type\":\"ReadAction\",\"target\":[\"https:\/\/www.base-reals.com\/en\/canoe-hire\/\"]}]},{\"@type\":\"ImageObject\",\"inLanguage\":\"en-US\",\"@id\":\"https:\/\/www.base-reals.com\/en\/canoe-hire\/#primaryimage\",\"url\":\"https:\/\/www.base-reals.com\/wp-content\/uploads\/2017\/04\/Reals-canoe-kayak.jpg\",\"contentUrl\":\"https:\/\/www.base-reals.com\/wp-content\/uploads\/2017\/04\/Reals-canoe-kayak.jpg\",\"width\":1920,\"height\":660,\"caption\":\"base de kanoe kayak de reals, H\u00e9rault, occitanie\"},{\"@type\":\"BreadcrumbList\",\"@id\":\"https:\/\/www.base-reals.com\/en\/canoe-hire\/#breadcrumb\",\"itemListElement\":[{\"@type\":\"ListItem\",\"position\":1,\"name\":\"Accueil\",\"item\":\"https:\/\/www.base-reals.com\/en\/\"},{\"@type\":\"ListItem\",\"position\":2,\"name\":\"Canoe hire\"}]},{\"@type\":\"WebSite\",\"@id\":\"https:\/\/www.base-reals.com\/#website\",\"url\":\"https:\/\/www.base-reals.com\/\",\"name\":\"R\u00e9als Cano\u00eb Kayak\",\"description\":\"Location de cano\u00eb dans la vall\u00e9e de l&#039;Orb, Cessenon sur Orb.\",\"publisher\":{\"@id\":\"https:\/\/www.base-reals.com\/#organization\"},\"potentialAction\":[{\"@type\":\"SearchAction\",\"target\":{\"@type\":\"EntryPoint\",\"urlTemplate\":\"https:\/\/www.base-reals.com\/?s={search_term_string}\"},\"query-input\":{\"@type\":\"PropertyValueSpecification\",\"valueRequired\":true,\"valueName\":\"search_term_string\"}}],\"inLanguage\":\"en-US\"},{\"@type\":\"Organization\",\"@id\":\"https:\/\/www.base-reals.com\/#organization\",\"name\":\"R\u00e9als Cano\u00eb Kayak\",\"url\":\"https:\/\/www.base-reals.com\/\",\"logo\":{\"@type\":\"ImageObject\",\"inLanguage\":\"en-US\",\"@id\":\"https:\/\/www.base-reals.com\/#\/schema\/logo\/image\/\",\"url\":\"https:\/\/www.base-reals.com\/wp-content\/uploads\/2017\/04\/canoe-reals-logo.png\",\"contentUrl\":\"https:\/\/www.base-reals.com\/wp-content\/uploads\/2017\/04\/canoe-reals-logo.png\",\"width\":519,\"height\":448,\"caption\":\"R\u00e9als Cano\u00eb Kayak\"},\"image\":{\"@id\":\"https:\/\/www.base-reals.com\/#\/schema\/logo\/image\/\"},\"sameAs\":[\"https:\/\/www.facebook.com\/RealsCanoeKayak\/\",\"https:\/\/x.com\/RealsCanoeKayak\",\"https:\/\/fr.pinterest.com\/realscanoekayak\/\",\"https:\/\/www.youtube.com\/user\/realscanoekayak\"]}]}<\/script>\n<!-- \/ Yoast SEO plugin. -->","yoast_head_json":{"title":"Canoe hire - R\u00e9als Cano\u00eb Kayak","description":"Every day from April to September a complete service for individuals","robots":{"index":"index","follow":"follow","max-snippet":"max-snippet:-1","max-image-preview":"max-image-preview:large","max-video-preview":"max-video-preview:-1"},"canonical":"https:\/\/www.base-reals.com\/en\/canoe-hire\/","og_locale":"en_US","og_type":"article","og_title":"Canoe hire - R\u00e9als Cano\u00eb Kayak","og_description":"Every day from April to September a complete service for individuals","og_url":"https:\/\/www.base-reals.com\/en\/canoe-hire\/","og_site_name":"R\u00e9als Cano\u00eb Kayak","article_publisher":"https:\/\/www.facebook.com\/RealsCanoeKayak\/","article_modified_time":"2019-05-14T20:50:25+00:00","og_image":[{"width":1920,"height":660,"url":"https:\/\/www.base-reals.com\/wp-content\/uploads\/2017\/04\/Reals-canoe-kayak.jpg","type":"image\/jpeg"}],"twitter_card":"summary_large_image","twitter_site":"@RealsCanoeKayak","twitter_misc":{"Est. reading time":"2 minutes"},"schema":{"@context":"https:\/\/schema.org","@graph":[{"@type":"WebPage","@id":"https:\/\/www.base-reals.com\/en\/canoe-hire\/","url":"https:\/\/www.base-reals.com\/en\/canoe-hire\/","name":"Canoe hire - R\u00e9als Cano\u00eb Kayak","isPartOf":{"@id":"https:\/\/www.base-reals.com\/#website"},"primaryImageOfPage":{"@id":"https:\/\/www.base-reals.com\/en\/canoe-hire\/#primaryimage"},"image":{"@id":"https:\/\/www.base-reals.com\/en\/canoe-hire\/#primaryimage"},"thumbnailUrl":"https:\/\/www.base-reals.com\/wp-content\/uploads\/2017\/04\/Reals-canoe-kayak.jpg","datePublished":"2017-05-01T21:57:38+00:00","dateModified":"2019-05-14T20:50:25+00:00","description":"Every day from April to September a complete service for individuals","breadcrumb":{"@id":"https:\/\/www.base-reals.com\/en\/canoe-hire\/#breadcrumb"},"inLanguage":"en-US","potentialAction":[{"@type":"ReadAction","target":["https:\/\/www.base-reals.com\/en\/canoe-hire\/"]}]},{"@type":"ImageObject","inLanguage":"en-US","@id":"https:\/\/www.base-reals.com\/en\/canoe-hire\/#primaryimage","url":"https:\/\/www.base-reals.com\/wp-content\/uploads\/2017\/04\/Reals-canoe-kayak.jpg","contentUrl":"https:\/\/www.base-reals.com\/wp-content\/uploads\/2017\/04\/Reals-canoe-kayak.jpg","width":1920,"height":660,"caption":"base de kanoe kayak de reals, H\u00e9rault, occitanie"},{"@type":"BreadcrumbList","@id":"https:\/\/www.base-reals.com\/en\/canoe-hire\/#breadcrumb","itemListElement":[{"@type":"ListItem","position":1,"name":"Accueil","item":"https:\/\/www.base-reals.com\/en\/"},{"@type":"ListItem","position":2,"name":"Canoe hire"}]},{"@type":"WebSite","@id":"https:\/\/www.base-reals.com\/#website","url":"https:\/\/www.base-reals.com\/","name":"R\u00e9als Cano\u00eb Kayak","description":"Location de cano\u00eb dans la vall\u00e9e de l&#039;Orb, Cessenon sur Orb.","publisher":{"@id":"https:\/\/www.base-reals.com\/#organization"},"potentialAction":[{"@type":"SearchAction","target":{"@type":"EntryPoint","urlTemplate":"https:\/\/www.base-reals.com\/?s={search_term_string}"},"query-input":{"@type":"PropertyValueSpecification","valueRequired":true,"valueName":"search_term_string"}}],"inLanguage":"en-US"},{"@type":"Organization","@id":"https:\/\/www.base-reals.com\/#organization","name":"R\u00e9als Cano\u00eb Kayak","url":"https:\/\/www.base-reals.com\/","logo":{"@type":"ImageObject","inLanguage":"en-US","@id":"https:\/\/www.base-reals.com\/#\/schema\/logo\/image\/","url":"https:\/\/www.base-reals.com\/wp-content\/uploads\/2017\/04\/canoe-reals-logo.png","contentUrl":"https:\/\/www.base-reals.com\/wp-content\/uploads\/2017\/04\/canoe-reals-logo.png","width":519,"height":448,"caption":"R\u00e9als Cano\u00eb Kayak"},"image":{"@id":"https:\/\/www.base-reals.com\/#\/schema\/logo\/image\/"},"sameAs":["https:\/\/www.facebook.com\/RealsCanoeKayak\/","https:\/\/x.com\/RealsCanoeKayak","https:\/\/fr.pinterest.com\/realscanoekayak\/","https:\/\/www.youtube.com\/user\/realscanoekayak"]}]}},"_links":{"self":[{"href":"https:\/\/www.base-reals.com\/en\/wp-json\/wp\/v2\/pages\/2873","targetHints":{"allow":["GET"]}}],"collection":[{"href":"https:\/\/www.base-reals.com\/en\/wp-json\/wp\/v2\/pages"}],"about":[{"href":"https:\/\/www.base-reals.com\/en\/wp-json\/wp\/v2\/types\/page"}],"author":[{"embeddable":true,"href":"https:\/\/www.base-reals.com\/en\/wp-json\/wp\/v2\/users\/1"}],"replies":[{"embeddable":true,"href":"https:\/\/www.base-reals.com\/en\/wp-json\/wp\/v2\/comments?post=2873"}],"version-history":[{"count":0,"href":"https:\/\/www.base-reals.com\/en\/wp-json\/wp\/v2\/pages\/2873\/revisions"}],"wp:featuredmedia":[{"embeddable":true,"href":"https:\/\/www.base-reals.com\/en\/wp-json\/wp\/v2\/media\/2775"}],"wp:attachment":[{"href":"https:\/\/www.base-reals.com\/en\/wp-json\/wp\/v2\/media?parent=2873"}],"curies":[{"name":"wp","href":"https:\/\/api.w.org\/{rel}","templated":true}]}}