{"id":2882,"date":"2017-05-02T00:03:41","date_gmt":"2017-05-01T22:03:41","guid":{"rendered":"https:\/\/www.base-reals.com\/?page_id=2882\/"},"modified":"2021-05-05T21:09:47","modified_gmt":"2021-05-05T19:09:47","slug":"outdoor-activities","status":"publish","type":"page","link":"https:\/\/www.base-reals.com\/en\/outdoor-activities\/","title":{"rendered":"Outdoor activities"},"content":{"rendered":"","protected":false},"excerpt":{"rendered":"","protected":false},"author":1,"featured_media":2774,"parent":0,"menu_order":5,"comment_status":"closed","ping_status":"closed","template":"page-pagebuilder.php","meta":{"footnotes":""},"class_list":["post-2882","page","type-page","status-publish","has-post-thumbnail","hentry"],"yoast_head":"<!-- This site is optimized with the Yoast SEO plugin v26.9 - https:\/\/yoast.com\/product\/yoast-seo-wordpress\/ -->\n<title>Outdoor activities - R\u00e9als Cano\u00eb Kayak<\/title>\n<meta name=\"robots\" content=\"index, follow, max-snippet:-1, max-image-preview:large, max-video-preview:-1\" \/>\n<link rel=\"canonical\" href=\"https:\/\/www.base-reals.com\/en\/outdoor-activities\/\" \/>\n<meta property=\"og:locale\" content=\"en_US\" \/>\n<meta property=\"og:type\" content=\"article\" \/>\n<meta property=\"og:title\" content=\"Outdoor activities - R\u00e9als Cano\u00eb Kayak\" \/>\n<meta property=\"og:url\" content=\"https:\/\/www.base-reals.com\/en\/outdoor-activities\/\" \/>\n<meta property=\"og:site_name\" content=\"R\u00e9als Cano\u00eb Kayak\" \/>\n<meta property=\"article:publisher\" content=\"https:\/\/www.facebook.com\/RealsCanoeKayak\/\" \/>\n<meta property=\"article:modified_time\" content=\"2021-05-05T19:09:47+00:00\" \/>\n<meta property=\"og:image\" content=\"https:\/\/www.base-reals.com\/wp-content\/uploads\/2017\/04\/descente-canoe.jpg\" \/>\n\t<meta property=\"og:image:width\" content=\"1920\" \/>\n\t<meta property=\"og:image:height\" content=\"660\" \/>\n\t<meta property=\"og:image:type\" content=\"image\/jpeg\" \/>\n<meta name=\"twitter:card\" content=\"summary_large_image\" \/>\n<meta name=\"twitter:site\" content=\"@RealsCanoeKayak\" \/>\n<script type=\"application\/ld+json\" class=\"yoast-schema-graph\">{\"@context\":\"https:\/\/schema.org\",\"@graph\":[{\"@type\":\"WebPage\",\"@id\":\"https:\/\/www.base-reals.com\/en\/outdoor-activities\/\",\"url\":\"https:\/\/www.base-reals.com\/en\/outdoor-activities\/\",\"name\":\"Outdoor activities - R\u00e9als Cano\u00eb Kayak\",\"isPartOf\":{\"@id\":\"https:\/\/www.base-reals.com\/#website\"},\"primaryImageOfPage\":{\"@id\":\"https:\/\/www.base-reals.com\/en\/outdoor-activities\/#primaryimage\"},\"image\":{\"@id\":\"https:\/\/www.base-reals.com\/en\/outdoor-activities\/#primaryimage\"},\"thumbnailUrl\":\"https:\/\/www.base-reals.com\/wp-content\/uploads\/2017\/04\/descente-canoe.jpg\",\"datePublished\":\"2017-05-01T22:03:41+00:00\",\"dateModified\":\"2021-05-05T19:09:47+00:00\",\"breadcrumb\":{\"@id\":\"https:\/\/www.base-reals.com\/en\/outdoor-activities\/#breadcrumb\"},\"inLanguage\":\"en-US\",\"potentialAction\":[{\"@type\":\"ReadAction\",\"target\":[\"https:\/\/www.base-reals.com\/en\/outdoor-activities\/\"]}]},{\"@type\":\"ImageObject\",\"inLanguage\":\"en-US\",\"@id\":\"https:\/\/www.base-reals.com\/en\/outdoor-activities\/#primaryimage\",\"url\":\"https:\/\/www.base-reals.com\/wp-content\/uploads\/2017\/04\/descente-canoe.jpg\",\"contentUrl\":\"https:\/\/www.base-reals.com\/wp-content\/uploads\/2017\/04\/descente-canoe.jpg\",\"width\":1920,\"height\":660,\"caption\":\"base de kanoe kayak de reals, H\u00e9rault, occitanie\"},{\"@type\":\"BreadcrumbList\",\"@id\":\"https:\/\/www.base-reals.com\/en\/outdoor-activities\/#breadcrumb\",\"itemListElement\":[{\"@type\":\"ListItem\",\"position\":1,\"name\":\"Accueil\",\"item\":\"https:\/\/www.base-reals.com\/en\/\"},{\"@type\":\"ListItem\",\"position\":2,\"name\":\"Outdoor activities\"}]},{\"@type\":\"WebSite\",\"@id\":\"https:\/\/www.base-reals.com\/#website\",\"url\":\"https:\/\/www.base-reals.com\/\",\"name\":\"R\u00e9als Cano\u00eb Kayak\",\"description\":\"Location de cano\u00eb dans la vall\u00e9e de l&#039;Orb, Cessenon sur Orb.\",\"publisher\":{\"@id\":\"https:\/\/www.base-reals.com\/#organization\"},\"potentialAction\":[{\"@type\":\"SearchAction\",\"target\":{\"@type\":\"EntryPoint\",\"urlTemplate\":\"https:\/\/www.base-reals.com\/?s={search_term_string}\"},\"query-input\":{\"@type\":\"PropertyValueSpecification\",\"valueRequired\":true,\"valueName\":\"search_term_string\"}}],\"inLanguage\":\"en-US\"},{\"@type\":\"Organization\",\"@id\":\"https:\/\/www.base-reals.com\/#organization\",\"name\":\"R\u00e9als Cano\u00eb Kayak\",\"url\":\"https:\/\/www.base-reals.com\/\",\"logo\":{\"@type\":\"ImageObject\",\"inLanguage\":\"en-US\",\"@id\":\"https:\/\/www.base-reals.com\/#\/schema\/logo\/image\/\",\"url\":\"https:\/\/www.base-reals.com\/wp-content\/uploads\/2017\/04\/canoe-reals-logo.png\",\"contentUrl\":\"https:\/\/www.base-reals.com\/wp-content\/uploads\/2017\/04\/canoe-reals-logo.png\",\"width\":519,\"height\":448,\"caption\":\"R\u00e9als Cano\u00eb Kayak\"},\"image\":{\"@id\":\"https:\/\/www.base-reals.com\/#\/schema\/logo\/image\/\"},\"sameAs\":[\"https:\/\/www.facebook.com\/RealsCanoeKayak\/\",\"https:\/\/x.com\/RealsCanoeKayak\",\"https:\/\/fr.pinterest.com\/realscanoekayak\/\",\"https:\/\/www.youtube.com\/user\/realscanoekayak\"]}]}<\/script>\n<!-- \/ Yoast SEO plugin. -->","yoast_head_json":{"title":"Outdoor activities - R\u00e9als Cano\u00eb Kayak","robots":{"index":"index","follow":"follow","max-snippet":"max-snippet:-1","max-image-preview":"max-image-preview:large","max-video-preview":"max-video-preview:-1"},"canonical":"https:\/\/www.base-reals.com\/en\/outdoor-activities\/","og_locale":"en_US","og_type":"article","og_title":"Outdoor activities - R\u00e9als Cano\u00eb Kayak","og_url":"https:\/\/www.base-reals.com\/en\/outdoor-activities\/","og_site_name":"R\u00e9als Cano\u00eb Kayak","article_publisher":"https:\/\/www.facebook.com\/RealsCanoeKayak\/","article_modified_time":"2021-05-05T19:09:47+00:00","og_image":[{"width":1920,"height":660,"url":"https:\/\/www.base-reals.com\/wp-content\/uploads\/2017\/04\/descente-canoe.jpg","type":"image\/jpeg"}],"twitter_card":"summary_large_image","twitter_site":"@RealsCanoeKayak","schema":{"@context":"https:\/\/schema.org","@graph":[{"@type":"WebPage","@id":"https:\/\/www.base-reals.com\/en\/outdoor-activities\/","url":"https:\/\/www.base-reals.com\/en\/outdoor-activities\/","name":"Outdoor activities - R\u00e9als Cano\u00eb Kayak","isPartOf":{"@id":"https:\/\/www.base-reals.com\/#website"},"primaryImageOfPage":{"@id":"https:\/\/www.base-reals.com\/en\/outdoor-activities\/#primaryimage"},"image":{"@id":"https:\/\/www.base-reals.com\/en\/outdoor-activities\/#primaryimage"},"thumbnailUrl":"https:\/\/www.base-reals.com\/wp-content\/uploads\/2017\/04\/descente-canoe.jpg","datePublished":"2017-05-01T22:03:41+00:00","dateModified":"2021-05-05T19:09:47+00:00","breadcrumb":{"@id":"https:\/\/www.base-reals.com\/en\/outdoor-activities\/#breadcrumb"},"inLanguage":"en-US","potentialAction":[{"@type":"ReadAction","target":["https:\/\/www.base-reals.com\/en\/outdoor-activities\/"]}]},{"@type":"ImageObject","inLanguage":"en-US","@id":"https:\/\/www.base-reals.com\/en\/outdoor-activities\/#primaryimage","url":"https:\/\/www.base-reals.com\/wp-content\/uploads\/2017\/04\/descente-canoe.jpg","contentUrl":"https:\/\/www.base-reals.com\/wp-content\/uploads\/2017\/04\/descente-canoe.jpg","width":1920,"height":660,"caption":"base de kanoe kayak de reals, H\u00e9rault, occitanie"},{"@type":"BreadcrumbList","@id":"https:\/\/www.base-reals.com\/en\/outdoor-activities\/#breadcrumb","itemListElement":[{"@type":"ListItem","position":1,"name":"Accueil","item":"https:\/\/www.base-reals.com\/en\/"},{"@type":"ListItem","position":2,"name":"Outdoor activities"}]},{"@type":"WebSite","@id":"https:\/\/www.base-reals.com\/#website","url":"https:\/\/www.base-reals.com\/","name":"R\u00e9als Cano\u00eb Kayak","description":"Location de cano\u00eb dans la vall\u00e9e de l&#039;Orb, Cessenon sur Orb.","publisher":{"@id":"https:\/\/www.base-reals.com\/#organization"},"potentialAction":[{"@type":"SearchAction","target":{"@type":"EntryPoint","urlTemplate":"https:\/\/www.base-reals.com\/?s={search_term_string}"},"query-input":{"@type":"PropertyValueSpecification","valueRequired":true,"valueName":"search_term_string"}}],"inLanguage":"en-US"},{"@type":"Organization","@id":"https:\/\/www.base-reals.com\/#organization","name":"R\u00e9als Cano\u00eb Kayak","url":"https:\/\/www.base-reals.com\/","logo":{"@type":"ImageObject","inLanguage":"en-US","@id":"https:\/\/www.base-reals.com\/#\/schema\/logo\/image\/","url":"https:\/\/www.base-reals.com\/wp-content\/uploads\/2017\/04\/canoe-reals-logo.png","contentUrl":"https:\/\/www.base-reals.com\/wp-content\/uploads\/2017\/04\/canoe-reals-logo.png","width":519,"height":448,"caption":"R\u00e9als Cano\u00eb Kayak"},"image":{"@id":"https:\/\/www.base-reals.com\/#\/schema\/logo\/image\/"},"sameAs":["https:\/\/www.facebook.com\/RealsCanoeKayak\/","https:\/\/x.com\/RealsCanoeKayak","https:\/\/fr.pinterest.com\/realscanoekayak\/","https:\/\/www.youtube.com\/user\/realscanoekayak"]}]}},"_links":{"self":[{"href":"https:\/\/www.base-reals.com\/en\/wp-json\/wp\/v2\/pages\/2882","targetHints":{"allow":["GET"]}}],"collection":[{"href":"https:\/\/www.base-reals.com\/en\/wp-json\/wp\/v2\/pages"}],"about":[{"href":"https:\/\/www.base-reals.com\/en\/wp-json\/wp\/v2\/types\/page"}],"author":[{"embeddable":true,"href":"https:\/\/www.base-reals.com\/en\/wp-json\/wp\/v2\/users\/1"}],"replies":[{"embeddable":true,"href":"https:\/\/www.base-reals.com\/en\/wp-json\/wp\/v2\/comments?post=2882"}],"version-history":[{"count":0,"href":"https:\/\/www.base-reals.com\/en\/wp-json\/wp\/v2\/pages\/2882\/revisions"}],"wp:featuredmedia":[{"embeddable":true,"href":"https:\/\/www.base-reals.com\/en\/wp-json\/wp\/v2\/media\/2774"}],"wp:attachment":[{"href":"https:\/\/www.base-reals.com\/en\/wp-json\/wp\/v2\/media?parent=2882"}],"curies":[{"name":"wp","href":"https:\/\/api.w.org\/{rel}","templated":true}]}}